{"id":24,"date":"2023-08-14T16:14:31","date_gmt":"2023-08-14T16:14:31","guid":{"rendered":"https:\/\/aierstock.nt25.de\/?page_id=24"},"modified":"2023-08-16T13:37:23","modified_gmt":"2023-08-16T13:37:23","slug":"startseite","status":"publish","type":"page","link":"https:\/\/zimmerei-aierstock.de\/","title":{"rendered":"Startseite"},"content":{"rendered":"<div id='layer_slider_1'  class='avia-layerslider main_color avia-shadow  avia-builder-el-0  el_before_av_one_half  avia-builder-el-first  container_wrap fullsize'  style='height: 431px; max-width: 1500px; margin: 0 auto;'  ><\/div><div id='after_layer_slider_1'  class='main_color av_default_container_wrap container_wrap fullsize'  ><div class='container av-section-cont-open' ><div class='template-page content  av-content-full alpha units'><div class='post-entry post-entry-type-page post-entry-24'><div class='entry-content-wrapper clearfix'>\n<div  class='flex_column av-61x4-601675f438410dac355799a66f854a6d av_one_half  avia-builder-el-1  el_after_av_layerslider  el_before_av_one_half  avia-builder-el-first  first flex_column_div  '     ><p>\n<style type=\"text\/css\" data-created_by=\"avia_inline_auto\" id=\"style-css-av-llbdqp5n-2f0cb5677b7de9ca71262b4c354f6b15\">\n#top .av-special-heading.av-llbdqp5n-2f0cb5677b7de9ca71262b4c354f6b15{\npadding-bottom:10px;\n}\nbody .av-special-heading.av-llbdqp5n-2f0cb5677b7de9ca71262b4c354f6b15 .av-special-heading-tag .heading-char{\nfont-size:25px;\n}\n.av-special-heading.av-llbdqp5n-2f0cb5677b7de9ca71262b4c354f6b15 .av-subheading{\nfont-size:15px;\n}\n<\/style>\n<div  class='av-special-heading av-llbdqp5n-2f0cb5677b7de9ca71262b4c354f6b15 av-special-heading-h3 blockquote modern-quote  avia-builder-el-2  el_before_av_image  avia-builder-el-first '><h3 class='av-special-heading-tag'  itemprop=\"headline\"  >Willkommen bei Zimmerei und Holzbau Aierstock!<\/h3><div class=\"special-heading-border\"><div class=\"special-heading-inner-border\"><\/div><\/div><\/div><br \/>\n\n<style type=\"text\/css\" data-created_by=\"avia_inline_auto\" id=\"style-css-av-llbdtfmg-97e409a83f6157f38bcf72fe4ad5e0e1\">\n.avia-image-container.av-llbdtfmg-97e409a83f6157f38bcf72fe4ad5e0e1 img.avia_image{\nbox-shadow:none;\n}\n.avia-image-container.av-llbdtfmg-97e409a83f6157f38bcf72fe4ad5e0e1 .av-image-caption-overlay-center{\ncolor:#ffffff;\n}\n<\/style>\n<div  class='avia-image-container av-llbdtfmg-97e409a83f6157f38bcf72fe4ad5e0e1 av-styling- avia-align-center  avia-builder-el-3  el_after_av_heading  avia-builder-el-last '   itemprop=\"image\" itemscope=\"itemscope\" itemtype=\"https:\/\/schema.org\/ImageObject\" ><div class=\"avia-image-container-inner\"><div class=\"avia-image-overlay-wrap\"><img decoding=\"async\" class='wp-image-93 avia-img-lazy-loading-not-93 avia_image ' src=\"https:\/\/zimmerei-aierstock.de\/wp-content\/uploads\/2023\/08\/20220813_153009-495x400.jpg\" alt='' title='20220813_153009'  height=\"400\" width=\"495\"  itemprop=\"thumbnailUrl\" srcset=\"https:\/\/zimmerei-aierstock.de\/wp-content\/uploads\/2023\/08\/20220813_153009-495x400.jpg 495w, https:\/\/zimmerei-aierstock.de\/wp-content\/uploads\/2023\/08\/20220813_153009-845x684.jpg 845w\" sizes=\"(max-width: 495px) 100vw, 495px\" \/><\/div><\/div><\/div><\/p><\/div><div  class='flex_column av-15440-a0c4764a55a665d45b687cf9a44e0b53 av_one_half  avia-builder-el-4  el_after_av_one_half  avia-builder-el-last  flex_column_div  '     ><section  class='av_textblock_section av-llbdrce9-89d950a857c7e4f3338c28e895ea8528 '   itemscope=\"itemscope\" itemtype=\"https:\/\/schema.org\/CreativeWork\" ><div class='avia_textblock'  itemprop=\"text\" ><p>Wir freuen uns, Sie auf der offiziellen Website von Aierstock Zimmerei und Holzbau begr\u00fc\u00dfen zu d\u00fcrfen. Als Ihr vertrauensw\u00fcrdiger Partner f\u00fcr hochwertige Holzkonstruktionen und ma\u00dfgeschneiderten Holzbau, hei\u00dfen wir Sie herzlich willkommen.<\/p>\n<p>Unter der Leitung von Inhaber Thomas Danner vereinen wir jahrelange Erfahrung mit handwerklicher Pr\u00e4zision, um Ihnen erstklassige L\u00f6sungen f\u00fcr all Ihre individuellen Bed\u00fcrfnisse im Bereich Zimmerei und Holzbau anzubieten. Egal, ob es sich um den Bau von D\u00e4chern, Fassaden, Carports, Terrassen oder um komplette Holzh\u00e4user handelt \u2013 wir setzen Ihre Visionen und Ideen gekonnt in die Realit\u00e4t um.<\/p>\n<p>Unser engagiertes Team von erfahrenen Zimmerleuten und Holzbauspezialisten legt h\u00f6chsten Wert auf Qualit\u00e4t, \u00c4sthetik und Nachhaltigkeit. Jedes Projekt wird von uns mit Sorgfalt und Fachkenntnis behandelt, um sicherzustellen, dass Sie das bestm\u00f6gliche Ergebnis erhalten.<\/p>\n<p>Auf unserer Website finden Sie umfassende Informationen \u00fcber unsere Dienstleistungen, bisherige Projekte und unser Engagement f\u00fcr umweltfreundlichen Holzbau. Gerne stehen wir Ihnen f\u00fcr Fragen, Beratung und individuelle Anfragen zur Verf\u00fcgung. Kontaktieren Sie uns, um Ihre Holzbauprojekte in die besten H\u00e4nde zu geben.<\/p>\n<p>Vielen Dank, dass Sie sich die Zeit genommen haben, unsere Website zu besuchen. Wir freuen uns darauf, Ihnen bei der Verwirklichung Ihrer Holzbauprojekte zur Seite zu stehen!<\/p>\n<p>Mit freundlichen Gr\u00fc\u00dfen,<\/p>\n<p>Thomas Danner und das Team von Zimmerei und Holzbau Aierstock<\/p>\n<\/div><\/section><\/div><\/p>\n","protected":false},"excerpt":{"rendered":"","protected":false},"author":1,"featured_media":0,"parent":0,"menu_order":0,"comment_status":"closed","ping_status":"closed","template":"","meta":{"footnotes":""},"class_list":["post-24","page","type-page","status-publish","hentry"],"_links":{"self":[{"href":"https:\/\/zimmerei-aierstock.de\/index.php\/wp-json\/wp\/v2\/pages\/24","targetHints":{"allow":["GET"]}}],"collection":[{"href":"https:\/\/zimmerei-aierstock.de\/index.php\/wp-json\/wp\/v2\/pages"}],"about":[{"href":"https:\/\/zimmerei-aierstock.de\/index.php\/wp-json\/wp\/v2\/types\/page"}],"author":[{"embeddable":true,"href":"https:\/\/zimmerei-aierstock.de\/index.php\/wp-json\/wp\/v2\/users\/1"}],"replies":[{"embeddable":true,"href":"https:\/\/zimmerei-aierstock.de\/index.php\/wp-json\/wp\/v2\/comments?post=24"}],"version-history":[{"count":6,"href":"https:\/\/zimmerei-aierstock.de\/index.php\/wp-json\/wp\/v2\/pages\/24\/revisions"}],"predecessor-version":[{"id":121,"href":"https:\/\/zimmerei-aierstock.de\/index.php\/wp-json\/wp\/v2\/pages\/24\/revisions\/121"}],"wp:attachment":[{"href":"https:\/\/zimmerei-aierstock.de\/index.php\/wp-json\/wp\/v2\/media?parent=24"}],"curies":[{"name":"wp","href":"https:\/\/api.w.org\/{rel}","templated":true}]}}