{"id":59,"date":"2023-08-14T20:35:03","date_gmt":"2023-08-14T20:35:03","guid":{"rendered":"https:\/\/aierstock.nt25.de\/?page_id=59"},"modified":"2024-05-02T05:58:35","modified_gmt":"2024-05-02T05:58:35","slug":"leistungen","status":"publish","type":"page","link":"https:\/\/zimmerei-aierstock.de\/index.php\/leistungen\/","title":{"rendered":"Leistungen"},"content":{"rendered":"<div id='layer_slider_1'  class='avia-layerslider main_color avia-shadow  avia-builder-el-0  el_before_av_one_full  avia-builder-el-first  container_wrap fullsize'  style='height: 151px;'  ><\/div><div id='after_layer_slider_1'  class='main_color av_default_container_wrap container_wrap fullsize'  ><div class='container av-section-cont-open' ><div class='template-page content  av-content-full alpha units'><div class='post-entry post-entry-type-page post-entry-59'><div class='entry-content-wrapper clearfix'>\n<div  class='flex_column av-409b-b96e547973a4eefa6e0c920fa4ab1c67 av_one_full  avia-builder-el-1  el_after_av_layerslider  avia-builder-el-no-sibling  first flex_column_div  '     ><p>\n<style type=\"text\/css\" data-created_by=\"avia_inline_auto\" id=\"style-css-av-llbbyols-82434b2d1d8bda9a16b8682286ff6a89\">\n#top .av-special-heading.av-llbbyols-82434b2d1d8bda9a16b8682286ff6a89{\npadding-bottom:10px;\n}\nbody .av-special-heading.av-llbbyols-82434b2d1d8bda9a16b8682286ff6a89 .av-special-heading-tag .heading-char{\nfont-size:25px;\n}\n.av-special-heading.av-llbbyols-82434b2d1d8bda9a16b8682286ff6a89 .av-subheading{\nfont-size:15px;\n}\n<\/style>\n<div  class='av-special-heading av-llbbyols-82434b2d1d8bda9a16b8682286ff6a89 av-special-heading-h3 blockquote modern-quote  avia-builder-el-2  el_before_av_textblock  avia-builder-el-first '><h3 class='av-special-heading-tag'  itemprop=\"headline\"  >Unsere Leistungen<\/h3><div class='av-subheading av-subheading_below'><p>Hier erhalten Sie einen \u00dcberblick \u00fcber unser breites Angebot<\/p>\n<\/div><div class=\"special-heading-border\"><div class=\"special-heading-inner-border\"><\/div><\/div><\/div><br \/>\n<section  class='av_textblock_section av-llgqpe11-690e82c41378b0a6900d0692be91f204 '   itemscope=\"itemscope\" itemtype=\"https:\/\/schema.org\/CreativeWork\" ><div class='avia_textblock'  itemprop=\"text\" ><p>Mit dem Rohstoff Holz als klimafreundliches Naturprodukt und vermutlich eines der ersten Baumaterialien der Menschheit, decken wir ein breites\u00a0 Spektrum an Leistungen ab.<br \/>\nWir versuchen allen Kundenw\u00fcnschen gerecht zu werden und stets die Bauvorhaben zur vollsten Zufriedenheit zu erledigen.<\/p>\n<p>Schauen Sie selbst in unserer <a href=\"https:\/\/zimmerei-aierstock.de\/index.php\/projekte-referenzen\/\">Galerie<\/a> und \u00fcberzeugen sich!<\/p>\n<\/div><\/section><br \/>\n<div  class='avia-icon-list-container av-llbc31uz-e2f0e621260942eaf1d6dd7b581d0c21  avia-builder-el-4  el_after_av_textblock  el_before_av_textblock '><ul class='avia-icon-list avia_animate_when_almost_visible avia-icon-list-left av-iconlist-big av-llbc31uz-e2f0e621260942eaf1d6dd7b581d0c21 avia-iconlist-animate'>\n<li><div class='iconlist_icon av-llbc1j2h-cdc7850611ad2881da9ae9e608b3e536 avia-font-entypo-fontello'><span class='iconlist-char' aria-hidden='true' data-av_icon='\ue812' data-av_iconfont='entypo-fontello'><\/span><\/div><article class=\"article-icon-entry \"  itemscope=\"itemscope\" itemtype=\"https:\/\/schema.org\/CreativeWork\" ><div class=\"iconlist_content_wrap\"><header class=\"entry-content-header\"><h4 class='av_iconlist_title iconlist_title  '  itemprop=\"headline\" >Dachst\u00fchle<\/h4><\/header><div class='iconlist_content '  itemprop=\"text\" ><p>Ob kompliziert oder einfach, wir setzten auf den traditionellen und handwerklichen Abbund per Hand.<br \/>\nAusgestattet mit den modernsten Zimmerei-Abbundmaschinen k\u00fcmmern wir uns um das Dach Ihres zuk\u00fcnftigen Hauses.<\/p>\n<\/div><\/div><footer class=\"entry-footer\"><\/footer><\/article><div class=\"iconlist-timeline\"><\/div><\/li>\n<li><div class='iconlist_icon av-llbc2m98-b6bc1e5f69d05d3f7e488b71697d5cc7 avia-font-entypo-fontello'><span class='iconlist-char' aria-hidden='true' data-av_icon='\ue812' data-av_iconfont='entypo-fontello'><\/span><\/div><article class=\"article-icon-entry \"  itemscope=\"itemscope\" itemtype=\"https:\/\/schema.org\/CreativeWork\" ><div class=\"iconlist_content_wrap\"><header class=\"entry-content-header\"><h4 class='av_iconlist_title iconlist_title  '  itemprop=\"headline\" >Anbauten, Aufstockungen in Holzbauweise<\/h4><\/header><div class='iconlist_content '  itemprop=\"text\" ><p>Gerade in Zeiten steigender Wohnungsnot und steigender Preise ist es wichtig und sinnvoll aus dem was man hat das meiste rauszuholen. Idealerweise stockt man ein vorhandenes Geb\u00e4ude auf oder baut an, zur Gewinnung neuen Wohnraums.<\/p>\n<p>Durch mehrj\u00e4hrige Erfahrung im Holzhausbau gibt es eigentlich nichts was wir Ihnen nicht erm\u00f6glichen k\u00f6nnen, ob Ausbaustufe oder Schl\u00fcsselfertig, wir sind ein zuverl\u00e4ssiger Partner.<\/p>\n<\/div><\/div><footer class=\"entry-footer\"><\/footer><\/article><div class=\"iconlist-timeline\"><\/div><\/li>\n<li><div class='iconlist_icon av-llbc30zk-684d4e46b810ad427e0cef34bc07efcc avia-font-entypo-fontello'><span class='iconlist-char' aria-hidden='true' data-av_icon='\ue812' data-av_iconfont='entypo-fontello'><\/span><\/div><article class=\"article-icon-entry \"  itemscope=\"itemscope\" itemtype=\"https:\/\/schema.org\/CreativeWork\" ><div class=\"iconlist_content_wrap\"><header class=\"entry-content-header\"><h4 class='av_iconlist_title iconlist_title  '  itemprop=\"headline\" >Sanierungen<\/h4><\/header><div class='iconlist_content '  itemprop=\"text\" ><p>Bei st\u00e4ndig steigenden Energiekosten ist es wichtiger denn je ein gut ged\u00e4mmtes Dach, aber auch eine gut ged\u00e4mmte Au\u00dfenwand zu haben.<br \/>\nWir helfen Ihnen dabei f\u00fcr Ihr Haus die richtige L\u00f6sung zu finden und beraten Sie gerne umfangreich.<br \/>\nAuch die Abwicklung eines F\u00f6rderantrags bei der KfW-Bank vermitteln wir gerne.<\/p>\n<p>Wir machen aus Ihrem Haus ein energetisch sinnvolles und zukunftsf\u00e4higes Haus.<\/p>\n<\/div><\/div><footer class=\"entry-footer\"><\/footer><\/article><div class=\"iconlist-timeline\"><\/div><\/li>\n<li><div class='iconlist_icon av-llgqvny7-3ebcf0123fa953d091b7ec895d6b73f4 avia-font-entypo-fontello'><span class='iconlist-char' aria-hidden='true' data-av_icon='\ue812' data-av_iconfont='entypo-fontello'><\/span><\/div><article class=\"article-icon-entry \"  itemscope=\"itemscope\" itemtype=\"https:\/\/schema.org\/CreativeWork\" ><div class=\"iconlist_content_wrap\"><header class=\"entry-content-header\"><h4 class='av_iconlist_title iconlist_title  '  itemprop=\"headline\" >Carports \/ Pergolen \/ Balkone<\/h4><\/header><div class='iconlist_content '  itemprop=\"text\" ><p>Auch hier sind Sie bei uns bestens aufgehoben. Ob Garage oder Carport, wir zimmern f\u00fcr Ihr Fahrzeug das Beste zu Hause.<\/p>\n<p>Ebenso werten wir Ihr Heim unter Einhaltung der Handwerksregeln und des konstruktiven Holzschutzes, sowie optischer Regeln wie des \u201eGoldenen Schnitts\u201c neu auf.<br \/>\nEin neuer Balkon oder eine neue Terrasse verleihen dem Haus ein neues Aussehen. Ob Modern oder traditionell, wir machen es m\u00f6glich.<\/p>\n<\/div><\/div><footer class=\"entry-footer\"><\/footer><\/article><div class=\"iconlist-timeline\"><\/div><\/li>\n<li><div class='iconlist_icon av-llgqyteo-825beecd0fbef8c61a42f9c7dc9242f2 avia-font-entypo-fontello'><span class='iconlist-char' aria-hidden='true' data-av_icon='\ue812' data-av_iconfont='entypo-fontello'><\/span><\/div><article class=\"article-icon-entry \"  itemscope=\"itemscope\" itemtype=\"https:\/\/schema.org\/CreativeWork\" ><div class=\"iconlist_content_wrap\"><header class=\"entry-content-header\"><h4 class='av_iconlist_title iconlist_title  '  itemprop=\"headline\" >\u201eAlles aus einer Hand\u201c<\/h4><\/header><div class='iconlist_content '  itemprop=\"text\" ><p>Gerne unterst\u00fctzen wie Sie auch bei der Suche bzw. Vermittlung anderer Gewerke.<br \/>\nWir haben uns in den letzten Jahren einen gro\u00dfen und zuverl\u00e4ssigen Stamm an Gesch\u00e4ftspartnern aufbauen k\u00f6nnen.<br \/>\nSo k\u00f6nnen wir so ziemlich jedes Gewerk abdecken. Selbstverst\u00e4ndlich \u00fcbernehmen wir dabei auch gerne die Bauleitung und Koordinierung der einzelnen Gewerke.<br \/>\nVon der Planung, zur Ausf\u00fchrung bis zum Einzug.<\/p>\n<\/div><\/div><footer class=\"entry-footer\"><\/footer><\/article><div class=\"iconlist-timeline\"><\/div><\/li>\n<li><div class='iconlist_icon av-llgqzl4z-358455dabf1c62ff437ec662b0c19439 avia-font-entypo-fontello'><span class='iconlist-char' aria-hidden='true' data-av_icon='\ue812' data-av_iconfont='entypo-fontello'><\/span><\/div><article class=\"article-icon-entry \"  itemscope=\"itemscope\" itemtype=\"https:\/\/schema.org\/CreativeWork\" ><div class=\"iconlist_content_wrap\"><header class=\"entry-content-header\"><h4 class='av_iconlist_title iconlist_title  '  itemprop=\"headline\" >Planung<\/h4><\/header><div class='iconlist_content '  itemprop=\"text\" ><p>Wir sind bauvorlageberechtigt bis zur Geb\u00e4udeklasse 3. Wir besprechen mit Ihnen Ihre Ideen und W\u00fcnsche und versuchen Sie fachlich richtig zu verwirklichen.<\/p>\n<\/div><\/div><footer class=\"entry-footer\"><\/footer><\/article><div class=\"iconlist-timeline\"><\/div><\/li>\n<li><div class='iconlist_icon av-llgr4pns-c05ddd56e621f6df8378c696b51d8886 avia-font-entypo-fontello'><span class='iconlist-char' aria-hidden='true' data-av_icon='\ue812' data-av_iconfont='entypo-fontello'><\/span><\/div><article class=\"article-icon-entry \"  itemscope=\"itemscope\" itemtype=\"https:\/\/schema.org\/CreativeWork\" ><div class=\"iconlist_content_wrap\"><header class=\"entry-content-header\"><h4 class='av_iconlist_title iconlist_title  '  itemprop=\"headline\" >Innenausbau<\/h4><\/header><div class='iconlist_content '  itemprop=\"text\" ><p>Sie wollen Ihren vier W\u00e4nden neuen Glanz verleihen? Dann sind Sie bei uns genau richtig!<\/p>\n<p>Wir bieten Ihnen s\u00e4mtliche Innenausbauarbeiten an:<\/p>\n<ul>\n<li>Fu\u00dfb\u00f6den<\/li>\n<li>T\u00fcren<\/li>\n<li>Fenster<\/li>\n<li>Holzdecken und Vert\u00e4felungen<\/li>\n<li>Dachausbau<\/li>\n<li>Trockenbau<\/li>\n<\/ul>\n<p>Bei s\u00e4mtlichen Arbeiten mit Holz und mehr sind Sie bei uns bestens aufgehoben. Auch hier k\u00fcmmern wir uns wieder gerne um die Vermittlung anderer Gewerke.<\/p>\n<\/div><\/div><footer class=\"entry-footer\"><\/footer><\/article><div class=\"iconlist-timeline\"><\/div><\/li>\n<li><div class='iconlist_icon av-llgr7533-ed374abfa86e7926a1e60a7dad0ee5a0 avia-font-entypo-fontello'><span class='iconlist-char' aria-hidden='true' data-av_icon='\ue812' data-av_iconfont='entypo-fontello'><\/span><\/div><article class=\"article-icon-entry \"  itemscope=\"itemscope\" itemtype=\"https:\/\/schema.org\/CreativeWork\" ><div class=\"iconlist_content_wrap\"><header class=\"entry-content-header\"><h4 class='av_iconlist_title iconlist_title  '  itemprop=\"headline\" >Treppenbau<\/h4><\/header><div class='iconlist_content '  itemprop=\"text\" ><p>Dies ist eine unserer Leidenschaften. Wir bieten s\u00e4mtliche Treppenformen und Varianten an:<\/p>\n<ul>\n<li>Holztreppen<\/li>\n<li>handwerklich gefertigte Einzelst\u00fccke<\/li>\n<li>Holz-Betontreppen<\/li>\n<li>Holz-Stahltreppen<\/li>\n<\/ul>\n<p>Treppenbau ist hohe Handwerkskunst, \u00fcberzeugen Sie sich davon! Beratung und Erarbeiten der besten L\u00f6sung ist selbstverst\u00e4ndlich.<\/p>\n<\/div><\/div><footer class=\"entry-footer\"><\/footer><\/article><div class=\"iconlist-timeline\"><\/div><\/li>\n<li><div class='iconlist_icon av-llgr85x5-2d656d5f295d69cc8db83f568133d21f avia-font-entypo-fontello'><span class='iconlist-char' aria-hidden='true' data-av_icon='\ue812' data-av_iconfont='entypo-fontello'><\/span><\/div><article class=\"article-icon-entry \"  itemscope=\"itemscope\" itemtype=\"https:\/\/schema.org\/CreativeWork\" ><div class=\"iconlist_content_wrap\"><header class=\"entry-content-header\"><h4 class='av_iconlist_title iconlist_title  '  itemprop=\"headline\" >Gartenz\u00e4une\/Sichtschutzw\u00e4nde<\/h4><\/header><div class='iconlist_content '  itemprop=\"text\" ><p>Ausf\u00fchrungen jeder Art sind m\u00f6glich.<\/p>\n<\/div><\/div><footer class=\"entry-footer\"><\/footer><\/article><div class=\"iconlist-timeline\"><\/div><\/li>\n<\/ul><\/div><br \/>\n<section  class='av_textblock_section av-llgr90nq-ba34e792e6c31b6e4cf6abfc213f9da2 '   itemscope=\"itemscope\" itemtype=\"https:\/\/schema.org\/CreativeWork\" ><div class='avia_textblock'  itemprop=\"text\" ><p>\u00dcberzeugen Sie sich in der Galerie von bereits ausgef\u00fchrten Arbeiten und lassen Sie sich inspirieren.<\/p>\n<p>Viel Spa\u00df dabei!<\/p>\n<\/div><\/section><\/p><\/div>\n","protected":false},"excerpt":{"rendered":"","protected":false},"author":1,"featured_media":0,"parent":0,"menu_order":0,"comment_status":"closed","ping_status":"closed","template":"","meta":{"footnotes":""},"class_list":["post-59","page","type-page","status-publish","hentry"],"_links":{"self":[{"href":"https:\/\/zimmerei-aierstock.de\/index.php\/wp-json\/wp\/v2\/pages\/59","targetHints":{"allow":["GET"]}}],"collection":[{"href":"https:\/\/zimmerei-aierstock.de\/index.php\/wp-json\/wp\/v2\/pages"}],"about":[{"href":"https:\/\/zimmerei-aierstock.de\/index.php\/wp-json\/wp\/v2\/types\/page"}],"author":[{"embeddable":true,"href":"https:\/\/zimmerei-aierstock.de\/index.php\/wp-json\/wp\/v2\/users\/1"}],"replies":[{"embeddable":true,"href":"https:\/\/zimmerei-aierstock.de\/index.php\/wp-json\/wp\/v2\/comments?post=59"}],"version-history":[{"count":10,"href":"https:\/\/zimmerei-aierstock.de\/index.php\/wp-json\/wp\/v2\/pages\/59\/revisions"}],"predecessor-version":[{"id":275,"href":"https:\/\/zimmerei-aierstock.de\/index.php\/wp-json\/wp\/v2\/pages\/59\/revisions\/275"}],"wp:attachment":[{"href":"https:\/\/zimmerei-aierstock.de\/index.php\/wp-json\/wp\/v2\/media?parent=59"}],"curies":[{"name":"wp","href":"https:\/\/api.w.org\/{rel}","templated":true}]}}